{"id":1097,"date":"2025-03-19T15:42:05","date_gmt":"2025-03-19T14:42:05","guid":{"rendered":"https:\/\/kabanavillage.fr\/?page_id=1097"},"modified":"2025-03-28T15:15:25","modified_gmt":"2025-03-28T14:15:25","slug":"nature-rating","status":"publish","type":"page","link":"https:\/\/kabanavillage.fr\/en\/cote-nature\/","title":{"rendered":"nature rating"},"content":{"rendered":"<div class=\"wp-block-stackable-separator alignfull stk-block-separator stk--no-padding stk-block stk-024d92a\" data-block-id=\"024d92a\"><style>.stk-024d92a {align-items:center !important;margin-top:-16% !important;margin-bottom:0% !important;display:flex !important;}.stk-024d92a svg{fill:var(--stk-global-color-47496, #0095ad) !important;}.stk-024d92a .stk-block-separator__inner{transform:scaleX(2.1) !important;height:345px !important;}<\/style><div class=\"stk-block-separator__inner\"><svg xmlns=\"http:\/\/www.w3.org\/2000\/svg\" viewbox=\"0 0 1600 200\" class=\"stk-separator__layer-1\" preserveaspectratio=\"none\" aria-hidden=\"true\"><path class=\"curve-3_svg__st1\" d=\"M-6.7 13.4S456 171.1 876.1 171.1 1606.4 16 1606.4 16v192.6H-6.7V13.4z\"><\/path><\/svg><\/div><\/div>\n\n\n\n<div class=\"wp-block-stackable-columns alignfull stk-block-columns stk-block stk-ee37287 stk-block-background\" data-block-id=\"ee37287\"><style>.stk-ee37287 {background-color:var(--stk-global-color-47496, #0095ad) !important;align-items:center !important;padding-top:6% !important;padding-right:10% !important;padding-bottom:6% !important;padding-left:10% !important;margin-bottom:0% !important;display:flex !important;}.stk-ee37287:before{background-color:var(--stk-global-color-47496, #0095ad) !important;}.stk-ee37287-column{--stk-column-gap:38px !important;}<\/style><div class=\"stk-row stk-inner-blocks stk-block-content stk-content-align stk-ee37287-column alignfull\">\n<div class=\"wp-block-stackable-column stk-block-column stk-column stk-block stk-c65fd72\" data-v=\"4\" data-block-id=\"c65fd72\"><div class=\"stk-column-wrapper stk-block-column__content stk-container stk-c65fd72-container stk--no-background stk--no-padding\"><div class=\"stk-block-content stk-inner-blocks stk-c65fd72-inner-blocks\">\n<div class=\"wp-block-stackable-image-box stk-block-image-box stk-hover-parent stk-block stk-c2eae50 is-style-default\" data-block-id=\"c2eae50\"><div class=\"stk-block-content stk-inner-blocks has-text-align-center stk-row stk-block-image-box__content\">\n<div class=\"wp-block-stackable-image stk-block-image stk-block stk-04ca0df\" data-block-id=\"04ca0df\"><style>.stk-04ca0df {border-top-left-radius:20px !important;border-top-right-radius:20px !important;border-bottom-right-radius:20px !important;border-bottom-left-radius:20px !important;overflow:hidden !important;}.stk-04ca0df .stk-img-wrapper{height:350px !important;--stk-gradient-overlay:1 !important;}.stk-04ca0df .stk-img-wrapper::after{background-image:linear-gradient(0deg,rgb(0,149,173) 0%,rgba(0,150,173,0) 37%) !important;}<\/style><figure><span class=\"stk-img-wrapper stk-image--shape-stretch\"><img loading=\"lazy\" decoding=\"async\" class=\"stk-img wp-image-1024\" src=\"https:\/\/kabanavillage.fr\/wp-content\/uploads\/2025\/03\/marais_guittiere_velo_talmont_4_sbourcier-Personnalise.jpg\" width=\"1000\" height=\"667\" alt=\"walks and cycle paths\" srcset=\"https:\/\/kabanavillage.fr\/wp-content\/uploads\/2025\/03\/marais_guittiere_velo_talmont_4_sbourcier-Personnalise.jpg 1000w, https:\/\/kabanavillage.fr\/wp-content\/uploads\/2025\/03\/marais_guittiere_velo_talmont_4_sbourcier-Personnalise-300x200.jpg 300w, https:\/\/kabanavillage.fr\/wp-content\/uploads\/2025\/03\/marais_guittiere_velo_talmont_4_sbourcier-Personnalise-768x512.jpg 768w, https:\/\/kabanavillage.fr\/wp-content\/uploads\/2025\/03\/marais_guittiere_velo_talmont_4_sbourcier-Personnalise-500x334.jpg 500w, https:\/\/kabanavillage.fr\/wp-content\/uploads\/2025\/03\/marais_guittiere_velo_talmont_4_sbourcier-Personnalise-800x534.jpg 800w\" sizes=\"auto, (max-width: 1000px) 100vw, 1000px\" \/><\/span><\/figure><\/div>\n\n\n\n<div class=\"wp-block-stackable-column stk-block-column stk-column stk-block stk-1030d31\" data-v=\"4\" data-block-id=\"1030d31\"><style>.stk-1030d31 {align-self:flex-end !important;align-items:center !important;margin-left:7% !important;display:flex !important;}<\/style><div class=\"stk-column-wrapper stk-block-column__content stk-container stk-1030d31-container stk--no-background stk--no-padding\"><div class=\"stk-block-content stk-inner-blocks stk-1030d31-inner-blocks\">\n<div class=\"wp-block-stackable-heading stk-block-heading stk-block-heading--v2 stk-block stk-867fb8c\" id=\"randonnees-br-et-pistes-cyclables\" data-block-id=\"867fb8c\"><style>.stk-867fb8c {margin-bottom:0px !important;}.stk-867fb8c .stk-block-heading__text{font-size:34px !important;color:#FFFFFF !important;}@media screen and (max-width: 1023px){.stk-867fb8c .stk-block-heading__text{font-size:34px !important;}}<\/style><h4 class=\"stk-block-heading__text has-text-color has-white-color has-text-align-left\">Hiking <br>and cycle paths<\/h4><\/div>\n<\/div><\/div><\/div>\n<\/div><a class=\"stk-link stk-block-link stk--transparent-overlay\" href=\"https:\/\/kabanavillage.fr\/en\/walks-and-cycle-paths\/\"><\/a><\/div>\n\n\n\n<div class=\"wp-block-stackable-image stk-block-image stk-block stk-6524966\" data-block-id=\"6524966\"><style>.stk-6524966 {margin-top:-12% !important;margin-left:10% !important;}.stk-6524966 .stk-img-wrapper{width:46px !important;}<\/style><figure><span class=\"stk-img-wrapper stk-image--shape-stretch\"><img alt=\"subtitle\" loading=\"lazy\" decoding=\"async\" class=\"stk-img wp-image-764\" src=\"https:\/\/kabanavillage.fr\/wp-content\/uploads\/2025\/03\/Vector-3.png\" width=\"46\" height=\"48\"\/><\/span><\/figure><\/div>\n<\/div><\/div><\/div>\n\n\n\n<div class=\"wp-block-stackable-column stk-block-column stk-column stk-block stk-6446481\" data-v=\"4\" data-block-id=\"6446481\"><div class=\"stk-column-wrapper stk-block-column__content stk-container stk-6446481-container stk--no-background stk--no-padding\"><div class=\"stk-block-content stk-inner-blocks stk-6446481-inner-blocks\">\n<div class=\"wp-block-stackable-image-box stk-block-image-box stk-hover-parent stk-block stk-b48961f is-style-default\" data-block-id=\"b48961f\"><div class=\"stk-block-content stk-inner-blocks has-text-align-center stk-row stk-block-image-box__content\">\n<div class=\"wp-block-stackable-image stk-block-image stk-block stk-cfe5e33\" data-block-id=\"cfe5e33\"><style>.stk-cfe5e33 {border-top-left-radius:20px !important;border-top-right-radius:20px !important;border-bottom-right-radius:20px !important;border-bottom-left-radius:20px !important;overflow:hidden !important;}.stk-cfe5e33 .stk-img-wrapper{height:350px !important;--stk-gradient-overlay:1 !important;}.stk-cfe5e33 .stk-img-wrapper::after{background-image:linear-gradient(0deg,rgb(0,149,173) 0%,rgba(0,150,173,0) 37%) !important;}<\/style><figure><span class=\"stk-img-wrapper stk-image--shape-stretch\"><img loading=\"lazy\" decoding=\"async\" class=\"stk-img wp-image-1041\" src=\"https:\/\/kabanavillage.fr\/wp-content\/uploads\/2025\/03\/Maraissalantsdelavie2-Personnalise.jpg\" width=\"1000\" height=\"666\" alt=\"marshes and forests\" srcset=\"https:\/\/kabanavillage.fr\/wp-content\/uploads\/2025\/03\/Maraissalantsdelavie2-Personnalise.jpg 1000w, https:\/\/kabanavillage.fr\/wp-content\/uploads\/2025\/03\/Maraissalantsdelavie2-Personnalise-300x200.jpg 300w, https:\/\/kabanavillage.fr\/wp-content\/uploads\/2025\/03\/Maraissalantsdelavie2-Personnalise-768x511.jpg 768w, https:\/\/kabanavillage.fr\/wp-content\/uploads\/2025\/03\/Maraissalantsdelavie2-Personnalise-500x333.jpg 500w, https:\/\/kabanavillage.fr\/wp-content\/uploads\/2025\/03\/Maraissalantsdelavie2-Personnalise-800x533.jpg 800w\" sizes=\"auto, (max-width: 1000px) 100vw, 1000px\" \/><\/span><\/figure><\/div>\n\n\n\n<div class=\"wp-block-stackable-column stk-block-column stk-column stk-block stk-c11b8f3\" data-v=\"4\" data-block-id=\"c11b8f3\"><style>.stk-c11b8f3 {align-self:flex-end !important;align-items:center !important;margin-left:7% !important;display:flex !important;}<\/style><div class=\"stk-column-wrapper stk-block-column__content stk-container stk-c11b8f3-container stk--no-background stk--no-padding\"><div class=\"stk-block-content stk-inner-blocks stk-c11b8f3-inner-blocks\">\n<div class=\"wp-block-stackable-heading stk-block-heading stk-block-heading--v2 stk-block stk-fd06220\" id=\"les-marais-br-et-forets\" data-block-id=\"fd06220\"><style>.stk-fd06220 {margin-bottom:0px !important;}.stk-fd06220 .stk-block-heading__text{font-size:34px !important;color:#FFFFFF !important;}@media screen and (max-width: 1023px){.stk-fd06220 .stk-block-heading__text{font-size:34px !important;}}<\/style><h4 class=\"stk-block-heading__text has-text-color has-white-color has-text-align-left\">The marshes <br>and forests<\/h4><\/div>\n<\/div><\/div><\/div>\n<\/div><a class=\"stk-link stk-block-link stk--transparent-overlay\" href=\"https:\/\/kabanavillage.fr\/en\/marshes-and-forests\/\"><\/a><\/div>\n\n\n\n<div class=\"wp-block-stackable-image stk-block-image stk-block stk-36f2907\" data-block-id=\"36f2907\"><style>.stk-36f2907 {margin-top:-12% !important;margin-left:4% !important;}.stk-36f2907 .stk-img-wrapper{width:46px !important;}<\/style><figure><span class=\"stk-img-wrapper stk-image--shape-stretch\"><img alt=\"subtitle\" loading=\"lazy\" decoding=\"async\" class=\"stk-img wp-image-764\" src=\"https:\/\/kabanavillage.fr\/wp-content\/uploads\/2025\/03\/Vector-3.png\" width=\"46\" height=\"48\"\/><\/span><\/figure><\/div>\n<\/div><\/div><\/div>\n<\/div><\/div>","protected":false},"excerpt":{"rendered":"<p>Hiking and cycling trails Marshes and forests<\/p>","protected":false},"author":1,"featured_media":1030,"parent":0,"menu_order":0,"comment_status":"closed","ping_status":"closed","template":"page-no-title","meta":{"_acf_changed":false,"_seopress_robots_primary_cat":"","_seopress_titles_title":"C\u00f4t\u00e9 nature, \u00e9merveillez vous !","_seopress_titles_desc":"Autour du camping Kabana Village, vous aurez de nombreux sentiers et pistes, pour explorer la nature environnante","_seopress_robots_index":"","_vp_format_video_url":"","_vp_image_focal_point":[],"footnotes":""},"class_list":["post-1097","page","type-page","status-publish","has-post-thumbnail","hentry"],"acf":[],"_links":{"self":[{"href":"https:\/\/kabanavillage.fr\/en\/wp-json\/wp\/v2\/pages\/1097","targetHints":{"allow":["GET"]}}],"collection":[{"href":"https:\/\/kabanavillage.fr\/en\/wp-json\/wp\/v2\/pages"}],"about":[{"href":"https:\/\/kabanavillage.fr\/en\/wp-json\/wp\/v2\/types\/page"}],"author":[{"embeddable":true,"href":"https:\/\/kabanavillage.fr\/en\/wp-json\/wp\/v2\/users\/1"}],"replies":[{"embeddable":true,"href":"https:\/\/kabanavillage.fr\/en\/wp-json\/wp\/v2\/comments?post=1097"}],"version-history":[{"count":8,"href":"https:\/\/kabanavillage.fr\/en\/wp-json\/wp\/v2\/pages\/1097\/revisions"}],"predecessor-version":[{"id":1453,"href":"https:\/\/kabanavillage.fr\/en\/wp-json\/wp\/v2\/pages\/1097\/revisions\/1453"}],"wp:featuredmedia":[{"embeddable":true,"href":"https:\/\/kabanavillage.fr\/en\/wp-json\/wp\/v2\/media\/1030"}],"wp:attachment":[{"href":"https:\/\/kabanavillage.fr\/en\/wp-json\/wp\/v2\/media?parent=1097"}],"curies":[{"name":"wp","href":"https:\/\/api.w.org\/{rel}","templated":true}]}}