{"id":1120,"date":"2025-03-20T11:09:29","date_gmt":"2025-03-20T10:09:29","guid":{"rendered":"https:\/\/kabanavillage.fr\/?page_id=1120"},"modified":"2025-03-20T14:45:36","modified_gmt":"2025-03-20T13:45:36","slug":"legal-information","status":"publish","type":"page","link":"https:\/\/kabanavillage.fr\/en\/mentions-legales\/","title":{"rendered":"legal information"},"content":{"rendered":"<div class=\"wp-block-group alignwide has-global-padding is-layout-constrained wp-container-core-group-is-layout-530ec779 wp-block-group-is-layout-constrained\" data-block-type=\"core\">\n<div class=\"wp-block-stackable-columns stk-block-columns stk-block stk-5e42083\" data-block-id=\"5e42083\"><div class=\"stk-row stk-inner-blocks stk-block-content stk-content-align stk-5e42083-column\">\n<div class=\"wp-block-stackable-column stk-block-column stk-column stk-block stk-5832eb8\" data-v=\"4\" data-block-id=\"5832eb8\"><div class=\"stk-column-wrapper stk-block-column__content stk-container stk-5832eb8-container stk--no-background stk--no-padding\"><div class=\"stk-block-content stk-inner-blocks stk-5832eb8-inner-blocks\">\n<div class=\"wp-block-stackable-heading stk-block-heading stk-block-heading--v2 stk-block stk-a1d98ef\" id=\"qui-sommes-nous\" data-block-id=\"a1d98ef\"><style>.stk-a1d98ef .stk-block-heading__text{font-family:\"Ouders\", Sans-serif !important;}<\/style><h2 class=\"stk-block-heading__text\">Who are we?<\/h2><\/div>\n\n\n\n<div class=\"wp-block-stackable-text stk-block-text stk-block stk-ee2fc8a\" data-block-id=\"ee2fc8a\"><p class=\"stk-block-text__text\"><strong>Publisher<\/strong><br>Kabana Village<\/p><\/div>\n\n\n\n<div class=\"wp-block-stackable-text stk-block-text stk-block stk-ebf8d06\" data-block-id=\"ebf8d06\"><p class=\"stk-block-text__text\">SIRT n\u00b0 93177086100033<br>7 CHEMIN DES HOMMEAUX 85270 SAINT-HILAIRE-DE-RIEZ<br>Telephone number : 02 51 49 10 10<\/p><\/div>\n\n\n\n<div class=\"wp-block-stackable-text stk-block-text stk-block stk-6df36ae\" data-block-id=\"6df36ae\"><p class=\"stk-block-text__text\"><strong>Publishing director<br><\/strong>Micka\u00ebl Rivallin <\/p><\/div>\n<\/div><\/div><\/div>\n\n\n\n<div class=\"wp-block-stackable-column stk-block-column stk-column stk-block stk-89e5095\" data-v=\"4\" data-block-id=\"89e5095\"><div class=\"stk-column-wrapper stk-block-column__content stk-container stk-89e5095-container stk--no-background stk--no-padding\"><div class=\"stk-block-content stk-inner-blocks stk-89e5095-inner-blocks\">\n<div class=\"wp-block-stackable-text stk-block-text stk-block stk-bc1d4e7\" data-block-id=\"bc1d4e7\"><p class=\"stk-block-text__text\"><strong>Technical and graphic production :<br><\/strong>SEV \/ Ouest-Communication.com<br>123 bd Louis Blanc<br>85000 La Roche sur Yon<br>Tel: <a href=\"tel:0251203040\">02 51 20 30 40<\/a><br>E-mail : <a href=\"mailto:contact@ouest-communication.com\">contact@ouest-communication.com<\/a><br>Website : <a href=\"https:\/\/www.ouest-communication.com\/\">https:\/\/www.ouest-communication.com\/<\/a><\/p><\/div>\n\n\n\n<p data-block-type=\"core\"><strong>Site hosting :<br><\/strong>O2 Switch<\/p>\n<\/div><\/div><\/div>\n<\/div><\/div>\n\n\n\n<div class=\"wp-block-stackable-text stk-block-text stk-block stk-99e2060\" data-block-id=\"99e2060\"><p class=\"stk-block-text__text\">Use of personal data collected<br>Your personal data is only used in the context of the commercial relationship between you and the publisher \"Kabana Vilage\".<\/p><\/div>\n\n\n\n<div class=\"wp-block-stackable-text stk-block-text stk-block stk-2cd3fd2\" data-block-id=\"2cd3fd2\"><p class=\"stk-block-text__text\">Unless you give your express consent, your data will not be passed on to third parties.<\/p><\/div>\n\n\n\n<div class=\"wp-block-stackable-text stk-block-text stk-block stk-4f949b4\" data-block-id=\"4f949b4\"><p class=\"stk-block-text__text\"><strong>Contact forms<br><\/strong>The information collected by the forms is recorded in a computerised file for the purposes of a request for information and the commercial relationship that may ensue. You may exercise your right of access to your personal data by using the form provided for this purpose.<\/p><\/div>\n\n\n\n<div class=\"wp-block-stackable-text stk-block-text stk-block stk-482c5cf\" data-block-id=\"482c5cf\"><p class=\"stk-block-text__text\"><strong>Cookies<br><\/strong>If you leave a comment on our site, you will be asked to save your name, email address and website in cookies. This is only for your convenience so that you do not have to enter this information if you leave another comment later. These cookies expire after one year.<\/p><\/div>\n\n\n\n<div class=\"wp-block-stackable-text stk-block-text stk-block stk-94c7be8\" data-block-id=\"94c7be8\"><p class=\"stk-block-text__text\">If you have an account and log on to this site, a temporary cookie will be created to determine whether your browser accepts cookies. It does not contain any personal data and will be deleted automatically when you close your browser.<\/p><\/div>\n\n\n\n<div class=\"wp-block-stackable-text stk-block-text stk-block stk-4462acd\" data-block-id=\"4462acd\"><p class=\"stk-block-text__text\">For statistical purposes, this site uses cookies to collect information about the pages you have visited. In particular, they store anonymous information about your geographical position, your browser, etc.<\/p><\/div>\n\n\n\n<div class=\"wp-block-stackable-text stk-block-text stk-block stk-44da6b6\" data-block-id=\"44da6b6\"><p class=\"stk-block-text__text\"><strong>Media<\/strong><br>If you are a registered user and you upload images to the website, we advise you to avoid uploading images containing EXIF data of GPS coordinates. Visitors to your website can download and extract location data from these images.<\/p><\/div>\n\n\n\n<div class=\"wp-block-stackable-text stk-block-text stk-block stk-ab5b5c3\" data-block-id=\"ab5b5c3\"><p class=\"stk-block-text__text\"><strong>Embedded content from other sites<br><\/strong>Articles on this site may include embedded content (e.g. videos, images, articles, etc.). Embedded content from other sites behaves in the same way as if the visitor were visiting that other site.<\/p><\/div>\n\n\n\n<div class=\"wp-block-stackable-text stk-block-text stk-block stk-5880b0a\" data-block-id=\"5880b0a\"><p class=\"stk-block-text__text\">These websites may collect data about you, use cookies, embed third-party tracking tools and track your interactions with this embedded content if you have an account connected to their website.<\/p><\/div>\n\n\n\n<div class=\"wp-block-stackable-text stk-block-text stk-block stk-fa59d30\" data-block-id=\"fa59d30\"><p class=\"stk-block-text__text\"><strong>Storage periods for your data<br><\/strong>If you leave a comment, the comment and its metadata are kept indefinitely. This allows subsequent comments to be automatically recognised and approved instead of being left in the moderation queue.<\/p><\/div>\n\n\n\n<div class=\"wp-block-stackable-text stk-block-text stk-block stk-9ca7814\" data-block-id=\"9ca7814\"><p class=\"stk-block-text__text\">For users who register on our site (where possible), we also store the personal data indicated in their profile. All users can view, modify or delete their personal information at any time (with the exception of their user name). Site managers can also view and modify this information.<\/p><\/div>\n\n\n\n<div class=\"wp-block-stackable-text stk-block-text stk-block stk-a3a0b80\" data-block-id=\"a3a0b80\"><p class=\"stk-block-text__text\"><strong>The rights you have over your data<br><\/strong>If you have an account or if you have left comments on the site, you may request to receive a file containing all the personal data we hold about you, including that which you have provided to us. You may also request the deletion of your personal data. This does not include data stored for administrative, legal or security purposes.<\/p><\/div>\n\n\n\n<div class=\"wp-block-stackable-text stk-block-text stk-block stk-6a0432f\" data-block-id=\"6a0432f\"><style>.stk-6a0432f {margin-bottom:0px !important;}<\/style><p class=\"stk-block-text__text\"><strong>PHOTO CREDIT<\/strong><\/p><\/div>\n\n\n\n<div class=\"wp-block-stackable-text stk-block-text stk-block stk-418a303\" data-block-id=\"418a303\"><p class=\"stk-block-text__text\">\u00a9simonbourcier.com, <br>Stephane GROSSIN, <br>A. Lamoureux\/Vend\u00e9e Expansion<br>Roland Oziel Photography <a href=\"https:\/\/www.photoziel.com\/\" target=\"_blank\" rel=\"noreferrer noopener\">https:\/\/www.photoziel.com\/<\/a><br>@<a href=\"https:\/\/www.instagram.com\/atlantic.toboggan\/#\" target=\"_blank\" rel=\"noreferrer noopener\">atlantic.toboggan<\/a><br><a href=\"https:\/\/dinos-park.com\/activites-parc-dinosaures\/#parcoursdinosaures\" target=\"_blank\" rel=\"noreferrer noopener\">https:\/\/dinos-park.com\/activites-parc-dinosaures\/#parcoursdinosaures<\/a> <\/p><\/div>\n<\/div>","protected":false},"excerpt":{"rendered":"<p>Qui sommes-nous ? \u00c9diteurKabana Village SIRT n\u00b0 931770861000337 CHEMIN DES HOMMEAUX 85270 SAINT-HILAIRE-DE-RIEZN\u00b0 de t\u00e9l\u00e9phone : 02 51 49 10 10 Directeur de la publicationMicka\u00ebl Rivallin R\u00e9alisation Technique &amp; Graphique :SEV \/ Ouest-Communication.com123 bd Louis Blanc85000 La Roche sur YonT\u00e9l. : 02 51 20 30 40E-mail : contact@ouest-communication.comSite internet : https:\/\/www.ouest-communication.com\/ H\u00e9bergement du site :O2 [&hellip;]<\/p>\n","protected":false},"author":1,"featured_media":920,"parent":0,"menu_order":0,"comment_status":"closed","ping_status":"closed","template":"page-no-title","meta":{"_acf_changed":false,"_seopress_robots_primary_cat":"","_seopress_titles_title":"Mentions l\u00e9gales - Kabana Village","_seopress_titles_desc":"Mentions l\u00e9gales du site internet Kabana Village","_seopress_robots_index":"","_vp_format_video_url":"","_vp_image_focal_point":[],"footnotes":""},"class_list":["post-1120","page","type-page","status-publish","has-post-thumbnail","hentry"],"acf":[],"_links":{"self":[{"href":"https:\/\/kabanavillage.fr\/en\/wp-json\/wp\/v2\/pages\/1120","targetHints":{"allow":["GET"]}}],"collection":[{"href":"https:\/\/kabanavillage.fr\/en\/wp-json\/wp\/v2\/pages"}],"about":[{"href":"https:\/\/kabanavillage.fr\/en\/wp-json\/wp\/v2\/types\/page"}],"author":[{"embeddable":true,"href":"https:\/\/kabanavillage.fr\/en\/wp-json\/wp\/v2\/users\/1"}],"replies":[{"embeddable":true,"href":"https:\/\/kabanavillage.fr\/en\/wp-json\/wp\/v2\/comments?post=1120"}],"version-history":[{"count":3,"href":"https:\/\/kabanavillage.fr\/en\/wp-json\/wp\/v2\/pages\/1120\/revisions"}],"predecessor-version":[{"id":1211,"href":"https:\/\/kabanavillage.fr\/en\/wp-json\/wp\/v2\/pages\/1120\/revisions\/1211"}],"wp:featuredmedia":[{"embeddable":true,"href":"https:\/\/kabanavillage.fr\/en\/wp-json\/wp\/v2\/media\/920"}],"wp:attachment":[{"href":"https:\/\/kabanavillage.fr\/en\/wp-json\/wp\/v2\/media?parent=1120"}],"curies":[{"name":"wp","href":"https:\/\/api.w.org\/{rel}","templated":true}]}}