{"id":1252,"date":"2025-03-20T15:04:42","date_gmt":"2025-03-20T14:04:42","guid":{"rendered":"https:\/\/kabanavillage.fr\/?page_id=1252"},"modified":"2025-12-02T09:08:52","modified_gmt":"2025-12-02T08:08:52","slug":"our-mobile-homes-for-sale","status":"publish","type":"page","link":"https:\/\/kabanavillage.fr\/en\/nos-mobil-homes-en-vente\/","title":{"rendered":"our mobile homes for sale"},"content":{"rendered":"<p data-block-type=\"core\">Discover this <strong>3-bedroom mobile home<\/strong>, This perfectly maintained property is ideal for welcoming family and friends in an exceptional setting.<\/p>\n\n\n\n<p data-block-type=\"core\">\u2728 <strong>Features of the mobile home :<\/strong><\/p>\n\n\n\n<ul class=\"wp-block-list\" data-block-type=\"core\">\n<li data-block-type=\"core\">3 bedrooms (sleeps 6 to 8)<\/li>\n\n\n\n<li data-block-type=\"core\">Bright living room<\/li>\n\n\n\n<li data-block-type=\"core\">Fully equipped kitchen (gas hob, microwave, coffee maker, TV, crockery, fridge\/freezer) <\/li>\n\n\n\n<li data-block-type=\"core\">Semi-covered terrace<\/li>\n\n\n\n<li data-block-type=\"core\">Bathroom + separate WC<\/li>\n\n\n\n<li data-block-type=\"core\">Well-situated plot, close to the campsite services<\/li>\n\n\n\n<li data-block-type=\"core\">Price: \u20ac14500 + administration costs<\/li>\n\n\n\n<li data-block-type=\"core\">visit and information on 02.28.18.80.10 or contact@kabanavillage.fr<\/li>\n<\/ul>\n\n\n\n<figure class=\"wp-block-gallery has-nested-images columns-default is-cropped wp-block-gallery-1 is-layout-flex wp-block-gallery-is-layout-flex\" data-block-type=\"core\">\n<figure class=\"wp-block-image size-large\" data-block-type=\"core\"><img alt=\"\" loading=\"lazy\" decoding=\"async\" width=\"683\" height=\"1024\" data-id=\"1898\" src=\"https:\/\/kabanavillage.fr\/wp-content\/uploads\/2025\/12\/ChatGPT-Image-1-dec.-2025-17_00_30-683x1024.png\" class=\"wp-image-1898\" srcset=\"https:\/\/kabanavillage.fr\/wp-content\/uploads\/2025\/12\/ChatGPT-Image-1-dec.-2025-17_00_30-683x1024.png 683w, https:\/\/kabanavillage.fr\/wp-content\/uploads\/2025\/12\/ChatGPT-Image-1-dec.-2025-17_00_30-200x300.png 200w, https:\/\/kabanavillage.fr\/wp-content\/uploads\/2025\/12\/ChatGPT-Image-1-dec.-2025-17_00_30-768x1152.png 768w, https:\/\/kabanavillage.fr\/wp-content\/uploads\/2025\/12\/ChatGPT-Image-1-dec.-2025-17_00_30-8x12.png 8w, https:\/\/kabanavillage.fr\/wp-content\/uploads\/2025\/12\/ChatGPT-Image-1-dec.-2025-17_00_30-500x750.png 500w, https:\/\/kabanavillage.fr\/wp-content\/uploads\/2025\/12\/ChatGPT-Image-1-dec.-2025-17_00_30-800x1200.png 800w, https:\/\/kabanavillage.fr\/wp-content\/uploads\/2025\/12\/ChatGPT-Image-1-dec.-2025-17_00_30.png 1024w\" sizes=\"auto, (max-width: 683px) 100vw, 683px\" \/><\/figure>\n<\/figure>\n\n\n\n<figure class=\"wp-block-gallery has-nested-images columns-default is-cropped wp-block-gallery-2 is-layout-flex wp-block-gallery-is-layout-flex\" data-block-type=\"core\">\n<figure class=\"wp-block-image size-large\" data-block-type=\"core\"><img alt=\"\" loading=\"lazy\" decoding=\"async\" width=\"683\" height=\"1024\" data-id=\"1899\" src=\"https:\/\/kabanavillage.fr\/wp-content\/uploads\/2025\/12\/salon-1-683x1024.png\" class=\"wp-image-1899\" srcset=\"https:\/\/kabanavillage.fr\/wp-content\/uploads\/2025\/12\/salon-1-683x1024.png 683w, https:\/\/kabanavillage.fr\/wp-content\/uploads\/2025\/12\/salon-1-200x300.png 200w, https:\/\/kabanavillage.fr\/wp-content\/uploads\/2025\/12\/salon-1-768x1152.png 768w, https:\/\/kabanavillage.fr\/wp-content\/uploads\/2025\/12\/salon-1-8x12.png 8w, https:\/\/kabanavillage.fr\/wp-content\/uploads\/2025\/12\/salon-1-500x750.png 500w, https:\/\/kabanavillage.fr\/wp-content\/uploads\/2025\/12\/salon-1-800x1200.png 800w, https:\/\/kabanavillage.fr\/wp-content\/uploads\/2025\/12\/salon-1.png 1024w\" sizes=\"auto, (max-width: 683px) 100vw, 683px\" \/><\/figure>\n<\/figure>\n\n\n\n<figure class=\"wp-block-gallery has-nested-images columns-default is-cropped wp-block-gallery-3 is-layout-flex wp-block-gallery-is-layout-flex\" data-block-type=\"core\">\n<figure class=\"wp-block-image size-large\" data-block-type=\"core\"><img alt=\"\" loading=\"lazy\" decoding=\"async\" width=\"461\" height=\"1024\" data-id=\"1900\" src=\"https:\/\/kabanavillage.fr\/wp-content\/uploads\/2025\/12\/1000040590-1-461x1024.jpg\" class=\"wp-image-1900\" srcset=\"https:\/\/kabanavillage.fr\/wp-content\/uploads\/2025\/12\/1000040590-1-461x1024.jpg 461w, https:\/\/kabanavillage.fr\/wp-content\/uploads\/2025\/12\/1000040590-1-135x300.jpg 135w, https:\/\/kabanavillage.fr\/wp-content\/uploads\/2025\/12\/1000040590-1-768x1707.jpg 768w, https:\/\/kabanavillage.fr\/wp-content\/uploads\/2025\/12\/1000040590-1-691x1536.jpg 691w, https:\/\/kabanavillage.fr\/wp-content\/uploads\/2025\/12\/1000040590-1-922x2048.jpg 922w, https:\/\/kabanavillage.fr\/wp-content\/uploads\/2025\/12\/1000040590-1-5x12.jpg 5w, https:\/\/kabanavillage.fr\/wp-content\/uploads\/2025\/12\/1000040590-1-500x1111.jpg 500w, https:\/\/kabanavillage.fr\/wp-content\/uploads\/2025\/12\/1000040590-1-800x1778.jpg 800w, https:\/\/kabanavillage.fr\/wp-content\/uploads\/2025\/12\/1000040590-1-1280x2844.jpg 1280w, https:\/\/kabanavillage.fr\/wp-content\/uploads\/2025\/12\/1000040590-1-scaled.jpg 1152w\" sizes=\"auto, (max-width: 461px) 100vw, 461px\" \/><\/figure>\n<\/figure>\n\n\n\n<figure class=\"wp-block-gallery has-nested-images columns-default is-cropped wp-block-gallery-4 is-layout-flex wp-block-gallery-is-layout-flex\" data-block-type=\"core\">\n<figure class=\"wp-block-image size-large\" data-block-type=\"core\"><img alt=\"\" loading=\"lazy\" decoding=\"async\" width=\"1024\" height=\"472\" data-id=\"1901\" src=\"https:\/\/kabanavillage.fr\/wp-content\/uploads\/2025\/12\/access-3-chambres-1-1024x472.jpeg\" class=\"wp-image-1901\" srcset=\"https:\/\/kabanavillage.fr\/wp-content\/uploads\/2025\/12\/access-3-chambres-1-1024x472.jpeg 1024w, https:\/\/kabanavillage.fr\/wp-content\/uploads\/2025\/12\/access-3-chambres-1-300x138.jpeg 300w, https:\/\/kabanavillage.fr\/wp-content\/uploads\/2025\/12\/access-3-chambres-1-768x354.jpeg 768w, https:\/\/kabanavillage.fr\/wp-content\/uploads\/2025\/12\/access-3-chambres-1-18x8.jpeg 18w, https:\/\/kabanavillage.fr\/wp-content\/uploads\/2025\/12\/access-3-chambres-1-500x231.jpeg 500w, https:\/\/kabanavillage.fr\/wp-content\/uploads\/2025\/12\/access-3-chambres-1-800x369.jpeg 800w, https:\/\/kabanavillage.fr\/wp-content\/uploads\/2025\/12\/access-3-chambres-1-1280x590.jpeg 1280w, https:\/\/kabanavillage.fr\/wp-content\/uploads\/2025\/12\/access-3-chambres-1.jpeg 1440w\" sizes=\"auto, (max-width: 1024px) 100vw, 1024px\" \/><\/figure>\n<\/figure>","protected":false},"excerpt":{"rendered":"<p>D\u00e9couvrez ce Mobil-Home 3 chambres, parfaitement entretenu et id\u00e9al pour accueillir famille et amis dans un cadre exceptionnel. \u2728 Caract\u00e9ristiques du Mobil-home :<\/p>","protected":false},"author":1,"featured_media":1401,"parent":0,"menu_order":0,"comment_status":"closed","ping_status":"closed","template":"page-no-title","meta":{"_acf_changed":false,"_seopress_robots_primary_cat":"","_seopress_titles_title":"D\u00e9couvrez nos mobil-homes disponibles \u00e0 la vente","_seopress_titles_desc":"Devenez propri\u00e9taires d'un mobil-home au Kabana Village, choisissez l'un de nos mobil-homes en vente","_seopress_robots_index":"","_vp_format_video_url":"","_vp_image_focal_point":[],"footnotes":""},"class_list":["post-1252","page","type-page","status-publish","has-post-thumbnail","hentry"],"acf":[],"_links":{"self":[{"href":"https:\/\/kabanavillage.fr\/en\/wp-json\/wp\/v2\/pages\/1252","targetHints":{"allow":["GET"]}}],"collection":[{"href":"https:\/\/kabanavillage.fr\/en\/wp-json\/wp\/v2\/pages"}],"about":[{"href":"https:\/\/kabanavillage.fr\/en\/wp-json\/wp\/v2\/types\/page"}],"author":[{"embeddable":true,"href":"https:\/\/kabanavillage.fr\/en\/wp-json\/wp\/v2\/users\/1"}],"replies":[{"embeddable":true,"href":"https:\/\/kabanavillage.fr\/en\/wp-json\/wp\/v2\/comments?post=1252"}],"version-history":[{"count":6,"href":"https:\/\/kabanavillage.fr\/en\/wp-json\/wp\/v2\/pages\/1252\/revisions"}],"predecessor-version":[{"id":1908,"href":"https:\/\/kabanavillage.fr\/en\/wp-json\/wp\/v2\/pages\/1252\/revisions\/1908"}],"wp:featuredmedia":[{"embeddable":true,"href":"https:\/\/kabanavillage.fr\/en\/wp-json\/wp\/v2\/media\/1401"}],"wp:attachment":[{"href":"https:\/\/kabanavillage.fr\/en\/wp-json\/wp\/v2\/media?parent=1252"}],"curies":[{"name":"wp","href":"https:\/\/api.w.org\/{rel}","templated":true}]}}